{"id":3945,"date":"2019-09-23T15:23:41","date_gmt":"2019-09-23T15:23:41","guid":{"rendered":"https:\/\/tv.utalca.cl\/?page_id=3945"},"modified":"2023-11-20T09:53:56","modified_gmt":"2023-11-20T12:53:56","slug":"en-rutina-tips","status":"publish","type":"page","link":"https:\/\/tv.utalca.cl\/?page_id=3945","title":{"rendered":"En Rutina Tips"},"content":{"rendered":"\t\t<div data-elementor-type=\"wp-post\" data-elementor-id=\"3945\" class=\"elementor elementor-3945 elementor-bc-flex-widget\" data-elementor-settings=\"[]\">\n\t\t\t\t\t\t<div class=\"elementor-inner\">\n\t\t\t\t\t\t\t<div class=\"elementor-section-wrap\">\n\t\t\t\t\t\t\t<section class=\"elementor-section elementor-top-section elementor-element elementor-element-38e43af elementor-section-stretched elementor-section-full_width elementor-section-height-min-height elementor-section-height-default elementor-section-items-middle\" data-id=\"38e43af\" data-element_type=\"section\" data-settings=\"{&quot;stretch_section&quot;:&quot;section-stretched&quot;,&quot;background_background&quot;:&quot;classic&quot;}\">\n\t\t\t\t\t\t<div class=\"elementor-container elementor-column-gap-no\">\n\t\t\t\t\t\t\t<div class=\"elementor-row\">\n\t\t\t\t\t<div class=\"elementor-column elementor-col-100 elementor-top-column elementor-element elementor-element-bdcc227\" data-id=\"bdcc227\" data-element_type=\"column\">\n\t\t\t<div class=\"elementor-column-wrap\">\n\t\t\t\t\t\t\t<div class=\"elementor-widget-wrap\">\n\t\t\t\t\t\t\t\t<\/div>\n\t\t\t\t\t<\/div>\n\t\t<\/div>\n\t\t\t\t\t\t\t\t<\/div>\n\t\t\t\t\t<\/div>\n\t\t<\/section>\n\t\t\t\t<section class=\"elementor-section elementor-top-section elementor-element elementor-element-6f15cc2 elementor-section-boxed elementor-section-height-default elementor-section-height-default\" data-id=\"6f15cc2\" data-element_type=\"section\">\n\t\t\t\t\t\t<div class=\"elementor-container elementor-column-gap-default\">\n\t\t\t\t\t\t\t<div class=\"elementor-row\">\n\t\t\t\t\t<div class=\"elementor-column elementor-col-100 elementor-top-column elementor-element elementor-element-7a9adaf\" data-id=\"7a9adaf\" data-element_type=\"column\">\n\t\t\t<div class=\"elementor-column-wrap elementor-element-populated\">\n\t\t\t\t\t\t\t<div class=\"elementor-widget-wrap\">\n\t\t\t\t\t\t<div class=\"elementor-element elementor-element-fb358d3 elementor-widget elementor-widget-spacer\" data-id=\"fb358d3\" data-element_type=\"widget\" data-widget_type=\"spacer.default\">\n\t\t\t\t<div class=\"elementor-widget-container\">\n\t\t\t\t\t<div class=\"elementor-spacer\">\n\t\t\t<div class=\"elementor-spacer-inner\"><\/div>\n\t\t<\/div>\n\t\t\t\t<\/div>\n\t\t\t\t<\/div>\n\t\t\t\t\t\t<\/div>\n\t\t\t\t\t<\/div>\n\t\t<\/div>\n\t\t\t\t\t\t\t\t<\/div>\n\t\t\t\t\t<\/div>\n\t\t<\/section>\n\t\t\t\t<section class=\"elementor-section elementor-top-section elementor-element elementor-element-6f00dbc elementor-section-boxed elementor-section-height-default elementor-section-height-default\" data-id=\"6f00dbc\" data-element_type=\"section\">\n\t\t\t\t\t\t<div class=\"elementor-container elementor-column-gap-default\">\n\t\t\t\t\t\t\t<div class=\"elementor-row\">\n\t\t\t\t\t<div class=\"elementor-column elementor-col-100 elementor-top-column elementor-element elementor-element-83bb801\" data-id=\"83bb801\" data-element_type=\"column\">\n\t\t\t<div class=\"elementor-column-wrap elementor-element-populated\">\n\t\t\t\t\t\t\t<div class=\"elementor-widget-wrap\">\n\t\t\t\t\t\t<div class=\"elementor-element elementor-element-9114c0b elementor-widget elementor-widget-heading\" data-id=\"9114c0b\" data-element_type=\"widget\" data-widget_type=\"heading.default\">\n\t\t\t\t<div class=\"elementor-widget-container\">\n\t\t\t<h2 class=\"elementor-heading-title elementor-size-default\">Consejos En Rutina<\/h2>\t\t<\/div>\n\t\t\t\t<\/div>\n\t\t\t\t<div class=\"elementor-element elementor-element-00bca3c elementor-widget elementor-widget-image\" data-id=\"00bca3c\" data-element_type=\"widget\" data-widget_type=\"image.default\">\n\t\t\t\t<div class=\"elementor-widget-container\">\n\t\t\t\t\t\t\t\t<div class=\"elementor-image\">\n\t\t\t\t\t\t\t\t\t\t\t\t<img loading=\"lazy\" decoding=\"async\" width=\"300\" height=\"2\" src=\"https:\/\/tv.utalca.cl\/wp-content\/uploads\/2023\/11\/Lineas-1-UTalcaTV-12-300x2.png\" class=\"attachment-medium size-medium\" alt=\"\" srcset=\"https:\/\/tv.utalca.cl\/wp-content\/uploads\/2023\/11\/Lineas-1-UTalcaTV-12-300x2.png 300w, https:\/\/tv.utalca.cl\/wp-content\/uploads\/2023\/11\/Lineas-1-UTalcaTV-12-600x4.png 600w, https:\/\/tv.utalca.cl\/wp-content\/uploads\/2023\/11\/Lineas-1-UTalcaTV-12.png 691w\" sizes=\"auto, (max-width: 300px) 100vw, 300px\" \/>\t\t\t\t\t\t\t\t\t\t\t\t\t\t<\/div>\n\t\t\t\t\t\t<\/div>\n\t\t\t\t<\/div>\n\t\t\t\t\t\t<\/div>\n\t\t\t\t\t<\/div>\n\t\t<\/div>\n\t\t\t\t\t\t\t\t<\/div>\n\t\t\t\t\t<\/div>\n\t\t<\/section>\n\t\t\t\t<section class=\"elementor-section elementor-top-section elementor-element elementor-element-2fb6386c elementor-section-boxed elementor-section-height-default elementor-section-height-default\" data-id=\"2fb6386c\" data-element_type=\"section\">\n\t\t\t\t\t\t<div class=\"elementor-container elementor-column-gap-default\">\n\t\t\t\t\t\t\t<div class=\"elementor-row\">\n\t\t\t\t\t<div class=\"elementor-column elementor-col-100 elementor-top-column elementor-element elementor-element-5efb2d8e\" data-id=\"5efb2d8e\" data-element_type=\"column\">\n\t\t\t<div class=\"elementor-column-wrap elementor-element-populated\">\n\t\t\t\t\t\t\t<div class=\"elementor-widget-wrap\">\n\t\t\t\t\t\t<div class=\"elementor-element elementor-element-48d60a52 elementor-widget elementor-widget-text-editor\" data-id=\"48d60a52\" data-element_type=\"widget\" data-widget_type=\"text-editor.default\">\n\t\t\t\t<div class=\"elementor-widget-container\">\n\t\t\t\t\t\t\t\t<div class=\"elementor-text-editor elementor-clearfix\">\n\t\t\t\tLos mejores consejos para realizar ejercicio de manera adecuada.\t\t\t\t\t<\/div>\n\t\t\t\t\t\t<\/div>\n\t\t\t\t<\/div>\n\t\t\t\t\t\t<\/div>\n\t\t\t\t\t<\/div>\n\t\t<\/div>\n\t\t\t\t\t\t\t\t<\/div>\n\t\t\t\t\t<\/div>\n\t\t<\/section>\n\t\t\t\t<section class=\"elementor-section elementor-top-section elementor-element elementor-element-93d0405 elementor-section-boxed elementor-section-height-default elementor-section-height-default\" data-id=\"93d0405\" data-element_type=\"section\">\n\t\t\t\t\t\t<div class=\"elementor-container elementor-column-gap-default\">\n\t\t\t\t\t\t\t<div class=\"elementor-row\">\n\t\t\t\t\t<div class=\"elementor-column elementor-col-100 elementor-top-column elementor-element elementor-element-a31dfb5\" data-id=\"a31dfb5\" data-element_type=\"column\">\n\t\t\t<div class=\"elementor-column-wrap elementor-element-populated\">\n\t\t\t\t\t\t\t<div class=\"elementor-widget-wrap\">\n\t\t\t\t\t\t<div class=\"elementor-element elementor-element-543f1ec elementor-widget elementor-widget-progression-post-list\" data-id=\"543f1ec\" data-element_type=\"widget\" data-widget_type=\"progression-post-list.default\">\n\t\t\t\t<div class=\"elementor-widget-container\">\n\t\t\t\t\n\n\n\t<div class=\"progression-studios-post-list-main\">\n\n\t\t\t\t\t\t\t\n\t\t\n\t\t<div class=\"progression-masonry-margins\">\n\t\t\t<div id=\"progression-blog-index-masonry-543f1ec\">\n\t\t\t\t\n\t\t\t\t\t\t\t\t<div class=\"progression-masonry-item \">\n\t\t\t\t\t<div class=\"progression-masonry-padding-blog \">\n\t\t\t\t\t\t<div class=\"progression-studios-isotope-animation\">\n\t\t\t\t\t\t\t\n\t\t\t\t\t\t\t\t\t\t\t\t\t\t\t\n\n\n\n<div id=\"post-4061\" class=\"post-4061 post type-post status-publish format-video has-post-thumbnail hentry category-capsulas category-consejos-en-rutina tag-abdominales tag-consejos-en-rutina tag-en-rutina post_format-post-format-video slider-tags-capsulas\">\t\n\t<div class=\"progression-studios-default-blog-index progression-studios-blog-image-no-effect\">\n\n\t\t\t\t\t<div class=\"progression-studios-feaured-image\">\n\t\t\t\t\t\n\t\t\t\t\n\t\t\t\t\t\t\n\t\t\t\t\t\t\t\t\t\t\t\n\t\t\t\t\t\t\t\t\t\t\t\t\t\t\n\t\t\t\t\t\t\t\t<a href=\"https:\/\/tv.utalca.cl\/?p=4061\">\n\t\t\t\t\t\t\t\t\t\t\t\t\t\t\t\t\n\t\t\t\t\t\t\t\t\t\t\t\t\n\t\t\t\t\t\t\t\t\n\t\t\t\t\n\t\t\n\t\t\t\t\t<img loading=\"lazy\" decoding=\"async\" width=\"800\" height=\"450\" src=\"https:\/\/tv.utalca.cl\/wp-content\/uploads\/2019\/10\/Captura-de-pantalla-898-800x450.png\" class=\"attachment-progression-studios-blog-index size-progression-studios-blog-index wp-post-image\" alt=\"\" srcset=\"https:\/\/tv.utalca.cl\/wp-content\/uploads\/2019\/10\/Captura-de-pantalla-898-800x450.png 800w, https:\/\/tv.utalca.cl\/wp-content\/uploads\/2019\/10\/Captura-de-pantalla-898-300x169.png 300w, https:\/\/tv.utalca.cl\/wp-content\/uploads\/2019\/10\/Captura-de-pantalla-898-768x432.png 768w, https:\/\/tv.utalca.cl\/wp-content\/uploads\/2019\/10\/Captura-de-pantalla-898-1024x576.png 1024w, https:\/\/tv.utalca.cl\/wp-content\/uploads\/2019\/10\/Captura-de-pantalla-898-600x338.png 600w, https:\/\/tv.utalca.cl\/wp-content\/uploads\/2019\/10\/Captura-de-pantalla-898.png 1920w\" sizes=\"auto, (max-width: 800px) 100vw, 800px\" \/>\t\t\t\t\t\n\t\t\t\t\t\t\t\t\t\t\t\t\t\t\t\t<div class=\"blog-play-icon\"><i class=\"fa fa-play\" aria-hidden=\"true\"><\/i><\/div>\n\t\t\t\t\t\t\t\t\t\t\t\t\t\t\t\n\t\t\t\t\t<div class=\"blog-floating-comments-viewcount\">\n\t\t\t\t\t\t\t\t\t\t\t\t<div class=\"blog-meta-views\"><i class=\"fa fa-eye\" aria-hidden=\"true\"><\/i><div class=\"post-views content-post post-4061 entry-meta load-static\">\r\n\t\t\t\t<span class=\"post-views-icon dashicons dashicons-chart-bar\"><\/span> <span class=\"post-views-label\">Post Views:<\/span> <span class=\"post-views-count\">1,572<\/span>\r\n\t\t\t<\/div><\/div>\t\t\t\t\t<\/div><!-- close .blog-floating-comments-viewcount -->\n\t\t\t\t\t\n\t\t\t\t<\/a>\n\t\t\t<\/div><!-- close .progression-studios-feaured-image -->\n\t\t<!-- close video -->\n\t\t\n\t\t<div class=\"progression-blog-content\">\n\t\t\t\t\t\t\t<div class=\"blog-meta-category-list\"><a href=\"https:\/\/tv.utalca.cl\/?cat=387\" rel=\"category\">C\u00e1psulas<\/a> <a href=\"https:\/\/tv.utalca.cl\/?cat=1051\" rel=\"category\">Consejos En Rutina<\/a><\/div>\t\t\t\t\t\t\n\t\t\t<h2 class=\"progression-blog-title\">\n\t\t\t\t\n\t\t\n\t\t\t\t<a href=\"https:\/\/tv.utalca.cl\/?p=4061\">\n\t\t\t\t\t\t\n\t\t\t\t\n\t\t\n\u00bfC\u00f3mo hacer un buen  abdominal?<\/a><\/h2>\n\n\t\t\t\t\t\t\t<div class=\"progression-post-meta\">\n\t\t\t\t\t\t\t\t\t\t\n\t\t\t\t\t\t\t\n\t\t\t\t<\/div>\n\t\t\t\t\t\t\n\t\t\t<div class=\"progression-studios-blog-excerpt\">\n\t\t\t\t\t\t\t\t\t\t\t\t\t\t\t\t\t\t\t\t\t\t\t\t\n\t\t\t\n\t\t\t\t\t\t<\/div>\n\t\t\t\n\t\t\t\n\t\t\t\n\t\t<\/div><!-- close .progression-blog-content -->\n\t\n\t\t\t\n\t<div class=\"clearfix-pro\"><\/div>\n\t<\/div><!-- close .progression-studios-default-blog-index -->\n<\/div><!-- #post-## -->\t\t\t\t\t\t\t\t\t\t\t\t\t<\/div><!-- close .progression-studios-isotope-animation -->\n\t\t\t\t\t<\/div><!-- close .progression-masonry-padding-blog -->\n\t\t\t\t<\/div><!-- close .progression-masonry-item -->\n\t\t\t\t\t\t\t\t<div class=\"progression-masonry-item \">\n\t\t\t\t\t<div class=\"progression-masonry-padding-blog \">\n\t\t\t\t\t\t<div class=\"progression-studios-isotope-animation\">\n\t\t\t\t\t\t\t\n\t\t\t\t\t\t\t\t\t\t\t\t\t\t\t\n\n\n\n<div id=\"post-4006\" class=\"post-4006 post type-post status-publish format-video has-post-thumbnail hentry category-capsulas category-consejos-en-rutina tag-consejos-en-rutina tag-elongacion tag-manos post_format-post-format-video slider-tags-capsulas\">\t\n\t<div class=\"progression-studios-default-blog-index progression-studios-blog-image-no-effect\">\n\n\t\t\t\t\t<div class=\"progression-studios-feaured-image\">\n\t\t\t\t\t\n\t\t\t\t\n\t\t\t\t\t\t\n\t\t\t\t\t\t\t\t\t\t\t\n\t\t\t\t\t\t\t\t\t\t\t\t\t\t\n\t\t\t\t\t\t\t\t<a href=\"https:\/\/tv.utalca.cl\/?p=4006\">\n\t\t\t\t\t\t\t\t\t\t\t\t\t\t\t\t\n\t\t\t\t\t\t\t\t\t\t\t\t\n\t\t\t\t\t\t\t\t\n\t\t\t\t\n\t\t\n\t\t\t\t\t<img loading=\"lazy\" decoding=\"async\" width=\"800\" height=\"450\" src=\"https:\/\/tv.utalca.cl\/wp-content\/uploads\/2019\/10\/Captura-de-pantalla-845-800x450.png\" class=\"attachment-progression-studios-blog-index size-progression-studios-blog-index wp-post-image\" alt=\"\" srcset=\"https:\/\/tv.utalca.cl\/wp-content\/uploads\/2019\/10\/Captura-de-pantalla-845-800x450.png 800w, https:\/\/tv.utalca.cl\/wp-content\/uploads\/2019\/10\/Captura-de-pantalla-845-300x169.png 300w, https:\/\/tv.utalca.cl\/wp-content\/uploads\/2019\/10\/Captura-de-pantalla-845-768x432.png 768w, https:\/\/tv.utalca.cl\/wp-content\/uploads\/2019\/10\/Captura-de-pantalla-845-1024x576.png 1024w, https:\/\/tv.utalca.cl\/wp-content\/uploads\/2019\/10\/Captura-de-pantalla-845-600x338.png 600w, https:\/\/tv.utalca.cl\/wp-content\/uploads\/2019\/10\/Captura-de-pantalla-845.png 1920w\" sizes=\"auto, (max-width: 800px) 100vw, 800px\" \/>\t\t\t\t\t\n\t\t\t\t\t\t\t\t\t\t\t\t\t\t\t\t<div class=\"blog-play-icon\"><i class=\"fa fa-play\" aria-hidden=\"true\"><\/i><\/div>\n\t\t\t\t\t\t\t\t\t\t\t\t\t\t\t\n\t\t\t\t\t<div class=\"blog-floating-comments-viewcount\">\n\t\t\t\t\t\t\t\t\t\t\t\t<div class=\"blog-meta-views\"><i class=\"fa fa-eye\" aria-hidden=\"true\"><\/i><div class=\"post-views content-post post-4006 entry-meta load-static\">\r\n\t\t\t\t<span class=\"post-views-icon dashicons dashicons-chart-bar\"><\/span> <span class=\"post-views-label\">Post Views:<\/span> <span class=\"post-views-count\">1,494<\/span>\r\n\t\t\t<\/div><\/div>\t\t\t\t\t<\/div><!-- close .blog-floating-comments-viewcount -->\n\t\t\t\t\t\n\t\t\t\t<\/a>\n\t\t\t<\/div><!-- close .progression-studios-feaured-image -->\n\t\t<!-- close video -->\n\t\t\n\t\t<div class=\"progression-blog-content\">\n\t\t\t\t\t\t\t<div class=\"blog-meta-category-list\"><a href=\"https:\/\/tv.utalca.cl\/?cat=387\" rel=\"category\">C\u00e1psulas<\/a> <a href=\"https:\/\/tv.utalca.cl\/?cat=1051\" rel=\"category\">Consejos En Rutina<\/a><\/div>\t\t\t\t\t\t\n\t\t\t<h2 class=\"progression-blog-title\">\n\t\t\t\t\n\t\t\n\t\t\t\t<a href=\"https:\/\/tv.utalca.cl\/?p=4006\">\n\t\t\t\t\t\t\n\t\t\t\t\n\t\t\nConsejos para elongar las manos<\/a><\/h2>\n\n\t\t\t\t\t\t\t<div class=\"progression-post-meta\">\n\t\t\t\t\t\t\t\t\t\t\n\t\t\t\t\t\t\t\n\t\t\t\t<\/div>\n\t\t\t\t\t\t\n\t\t\t<div class=\"progression-studios-blog-excerpt\">\n\t\t\t\t\t\t\t\t\t\t\t\t\t\t\t\t\t\t\t\t\t\t\t\t\n\t\t\t\n\t\t\t\t\t\t<\/div>\n\t\t\t\n\t\t\t\n\t\t\t\n\t\t<\/div><!-- close .progression-blog-content -->\n\t\n\t\t\t\n\t<div class=\"clearfix-pro\"><\/div>\n\t<\/div><!-- close .progression-studios-default-blog-index -->\n<\/div><!-- #post-## -->\t\t\t\t\t\t\t\t\t\t\t\t\t<\/div><!-- close .progression-studios-isotope-animation -->\n\t\t\t\t\t<\/div><!-- close .progression-masonry-padding-blog -->\n\t\t\t\t<\/div><!-- close .progression-masonry-item -->\n\t\t\t\t\t\t\t\t<div class=\"progression-masonry-item \">\n\t\t\t\t\t<div class=\"progression-masonry-padding-blog \">\n\t\t\t\t\t\t<div class=\"progression-studios-isotope-animation\">\n\t\t\t\t\t\t\t\n\t\t\t\t\t\t\t\t\t\t\t\t\t\t\t\n\n\n\n<div id=\"post-3950\" class=\"post-3950 post type-post status-publish format-video has-post-thumbnail hentry category-capsulas category-consejos-en-rutina tag-consejos-en-rutina tag-en-rutina tag-entrenamiento tag-entrenamiento-saludable tag-tips post_format-post-format-video slider-tags-capsulas\">\t\n\t<div class=\"progression-studios-default-blog-index progression-studios-blog-image-no-effect\">\n\n\t\t\t\t\t<div class=\"progression-studios-feaured-image\">\n\t\t\t\t\t\n\t\t\t\t\n\t\t\t\t\t\t\n\t\t\t\t\t\t\t\t\t\t\t\n\t\t\t\t\t\t\t\t\t\t\t\t\t\t\n\t\t\t\t\t\t\t\t<a href=\"https:\/\/tv.utalca.cl\/?p=3950\">\n\t\t\t\t\t\t\t\t\t\t\t\t\t\t\t\t\n\t\t\t\t\t\t\t\t\t\t\t\t\n\t\t\t\t\t\t\t\t\n\t\t\t\t\n\t\t\n\t\t\t\t\t<img loading=\"lazy\" decoding=\"async\" width=\"800\" height=\"450\" src=\"https:\/\/tv.utalca.cl\/wp-content\/uploads\/2019\/09\/Captura-de-pantalla-815-800x450.png\" class=\"attachment-progression-studios-blog-index size-progression-studios-blog-index wp-post-image\" alt=\"\" \/>\t\t\t\t\t\n\t\t\t\t\t\t\t\t\t\t\t\t\t\t\t\t<div class=\"blog-play-icon\"><i class=\"fa fa-play\" aria-hidden=\"true\"><\/i><\/div>\n\t\t\t\t\t\t\t\t\t\t\t\t\t\t\t\n\t\t\t\t\t<div class=\"blog-floating-comments-viewcount\">\n\t\t\t\t\t\t\t\t\t\t\t\t<div class=\"blog-meta-views\"><i class=\"fa fa-eye\" aria-hidden=\"true\"><\/i><div class=\"post-views content-post post-3950 entry-meta load-static\">\r\n\t\t\t\t<span class=\"post-views-icon dashicons dashicons-chart-bar\"><\/span> <span class=\"post-views-label\">Post Views:<\/span> <span class=\"post-views-count\">1,405<\/span>\r\n\t\t\t<\/div><\/div>\t\t\t\t\t<\/div><!-- close .blog-floating-comments-viewcount -->\n\t\t\t\t\t\n\t\t\t\t<\/a>\n\t\t\t<\/div><!-- close .progression-studios-feaured-image -->\n\t\t<!-- close video -->\n\t\t\n\t\t<div class=\"progression-blog-content\">\n\t\t\t\t\t\t\t<div class=\"blog-meta-category-list\"><a href=\"https:\/\/tv.utalca.cl\/?cat=387\" rel=\"category\">C\u00e1psulas<\/a> <a href=\"https:\/\/tv.utalca.cl\/?cat=1051\" rel=\"category\">Consejos En Rutina<\/a><\/div>\t\t\t\t\t\t\n\t\t\t<h2 class=\"progression-blog-title\">\n\t\t\t\t\n\t\t\n\t\t\t\t<a href=\"https:\/\/tv.utalca.cl\/?p=3950\">\n\t\t\t\t\t\t\n\t\t\t\t\n\t\t\n\u00bfC\u00f3mo hacer una plancha de forma correcta?<\/a><\/h2>\n\n\t\t\t\t\t\t\t<div class=\"progression-post-meta\">\n\t\t\t\t\t\t\t\t\t\t\n\t\t\t\t\t\t\t\n\t\t\t\t<\/div>\n\t\t\t\t\t\t\n\t\t\t<div class=\"progression-studios-blog-excerpt\">\n\t\t\t\t\t\t\t\t\t\t\t\t\t\t\t\t\t\t\t\t\t\t\t\t\n\t\t\t\n\t\t\t\t\t\t<\/div>\n\t\t\t\n\t\t\t\n\t\t\t\n\t\t<\/div><!-- close .progression-blog-content -->\n\t\n\t\t\t\n\t<div class=\"clearfix-pro\"><\/div>\n\t<\/div><!-- close .progression-studios-default-blog-index -->\n<\/div><!-- #post-## -->\t\t\t\t\t\t\t\t\t\t\t\t\t<\/div><!-- close .progression-studios-isotope-animation -->\n\t\t\t\t\t<\/div><!-- close .progression-masonry-padding-blog -->\n\t\t\t\t<\/div><!-- close .progression-masonry-item -->\n\t\t\t\t\t\t\t\t\n\t\t\t\t\n\t\t\t<\/div><!-- close #progression-blog-index-masonry-543f1ec  -->\n\t\t<\/div><!-- close .progression-masonry-margins -->\n\t\t\t\t\n\t\t\n\t\t\n\t\t<div class=\"clearfix-pro\"><\/div>\n\t\t\n\t\n\t\t\n\t\t\t\t\t\n\t\t\t\t\t\t\n\t\t\t\n\t\t\n\t\t\n\t<\/div><!-- close .progression-studios-post-list-main -->\n\t\n\t<script type=\"text\/javascript\"> \n\tjQuery(document).ready(function($) {\n\t\t'use strict';\n\t\t\/* Default Isotope Load Code *\/\n\t\tvar $container543f1ec = $(\"#progression-blog-index-masonry-543f1ec\").isotope();\n\t\t$container543f1ec.imagesLoaded( function() {\n\t\t\t$(\".progression-masonry-item\").addClass(\"opacity-progression\");\n\t\t\t$container543f1ec.isotope({\n\t\t\t\titemSelector: \"#progression-blog-index-masonry-543f1ec .progression-masonry-item\",\t\t\t\t\n\t\t\t\tpercentPosition: true,\n\t\t\t\tlayoutMode: \"fitRows\"  \n\t \t\t});\n\t\t});\n\t\t\/* END Default Isotope Code *\/\n\t\t\n\t\t\t\t\n\t\t\n\t\t\t\t\n\t\t\/* Begin Infinite Scroll *\/\n\t\t$container543f1ec.infinitescroll({\n\t\terrorCallback: function(){  $(\"#infinite-nav-pro-543f1ec\").delay(500).fadeOut(500, function(){ $(this).remove(); }); },\n\t\t  navSelector  : \"#infinite-nav-pro-543f1ec\",  \n\t\t  nextSelector : \"#infinite-nav-pro-543f1ec .nav-previous a\", \n\t\t  itemSelector : \"#progression-blog-index-masonry-543f1ec .progression-masonry-item\", \n\t   \t\tloading: {\n\t   \t\t \timg: \"https:\/\/tv.utalca.cl\/wp-content\/themes\/viseo-progression\/images\/loader.gif\",\n\t   \t\t\t msgText: \"\",\n\t   \t\t \tfinishedMsg: \"<div id='no-more-posts'>No more posts<\/div>\",\n\t   \t\t \tspeed: 0, }\n\t\t  },\n\t\t  \/\/ trigger Isotope as a callback\n\t\t  function( newElements ) {\n\t\t\t  \n\t\t\t  !function(a, b) {\n\t\t\t      function c() {\n\t\t\t          function a() {\n\t\t\t              \"undefined\" != typeof _wpmejsSettings && (c = b.extend(!0, {}, _wpmejsSettings)), c.success = c.success || function(a) {\n\t\t\t                  var b,\n\t\t\t                      c;\n\t\t\t                  \"flash\" === a.pluginType && (b = a.attributes.autoplay && \"false\" !== a.attributes.autoplay, c = a.attributes.loop && \"false\" !== a.attributes.loop, b && a.addEventListener(\"canplay\", function() {\n\t\t\t                      a.play()\n\t\t\t                  }, !1), c && a.addEventListener(\"ended\", function() {\n\t\t\t                      a.play()\n\t\t\t                  }, !1))\n\t\t\t              }, b(\".wp-audio-shortcode, .wp-video-shortcode\").not(\".mejs-container\").filter(function() {\n\t\t\t                  return !b(this).parent().hasClass(\".mejs-mediaelement\")\n\t\t\t              }).mediaelementplayer(c)\n\t\t\t          }\n\t\t\t          var c = {};\n\t\t\t          return {\n\t\t\t              initialize: a\n\t\t\t          }\n\t\t\t      }\n\t\t\t      a.wp = a.wp || {}, mejs.plugins.silverlight[0].types.push(\"video\/x-ms-wmv\"), mejs.plugins.silverlight[0].types.push(\"audio\/x-ms-wma\"), a.wp.mediaelement = new c, b(a.wp.mediaelement.initialize)\n\t\t\t  }(window, jQuery);\n\n\n\t\t     $(\".progression-studios-gallery\").flexslider({\n\t\t \t\tanimation: \"fade\",      \n\t\t \t\tslideDirection: \"horizontal\", \n\t\t \t\tslideshow: false,   \n\t\t \t\tsmoothHeight: false,\n\t\t \t\tslideshowSpeed: 7000,  \n\t\t \t\tanimationSpeed: 1000,        \n\t\t \t\tdirectionNav: true,             \n\t\t \t\tcontrolNav: true,\n\t\t \t\tprevText: \"\",   \n\t\t \t\tnextText: \"\",\n\t\t     });\n\t\t\t  \n\t\t    \t$(\".progression-studios-default-blog-overlay a[data-rel^=\\'prettyPhoto\\'], .progression-studios-feaured-image a[data-rel^=\\'prettyPhoto\\']\").prettyPhoto({\n\t\t  \t\t\ttheme: \"pp_default\",\n\t\t    \t\t\thook: \"data-rel\",\n\t\t  \t\t\topacity: 0.7,\n\t\t    \t\t\tshow_title: false, \n\t\t    \t\t\tdeeplinking: false,\n\t\t    \t\t\toverlay_gallery: false,\n\t\t    \t\t\tcustom_markup: \"\",\n\t\t  \t\t\tdefault_width: 1100,\n\t\t  \t\t\tdefault_height: 619,\n\t\t    \t\tsocial_tools:\"\"\n\t\t    \t});\n\t\t\t\t\n\t\t\t\t$(\".progression-studios-default-blog-overlay, .progression-studios-default-blog-index\").fitVids();\n\n\t\t    var $newElems = $( newElements );\n \t\n\t\t\t\t$newElems.imagesLoaded(function(){\n\t\t\t\t\t\n\t\t\t\t$container543f1ec.isotope( \"appended\", $newElems );\n\t\t\t\t$(\".progression-masonry-item\").addClass(\"opacity-progression\");\n\t\t\t\t\n\t\t\t});\n\n\t\t  }\n\t\t);\n\t    \/* END Infinite Scroll *\/\n\t\t\t\t\n\t\t\n\t\t\t\t\/* PAUSE FOR LOAD MORE *\/\n\t\t$(window).unbind(\".infscr\");\n\t\t\/\/ Resume Infinite Scroll\n\t\t$(\"#infinite-nav-pro-543f1ec .nav-previous a\").click(function(){\n\t\t\t$container543f1ec.infinitescroll(\"retrieve\");\n\t\t\treturn false;\n\t\t});\n\t\t\/* End Infinite Scroll *\/\n\t\t\t\t\n\t});\n\t<\/script>\n\t\n\n\n\t\t\n\n\t\t\t<\/div>\n\t\t\t\t<\/div>\n\t\t\t\t\t\t<\/div>\n\t\t\t\t\t<\/div>\n\t\t<\/div>\n\t\t\t\t\t\t\t\t<\/div>\n\t\t\t\t\t<\/div>\n\t\t<\/section>\n\t\t\t\t\t\t<\/div>\n\t\t\t\t\t\t<\/div>\n\t\t\t\t\t<\/div>\n\t\t","protected":false},"excerpt":{"rendered":"<p>Consejos En Rutina Los mejores consejos para realizar ejercicio de manera adecuada. 0 Post Views: 852 C\u00e1psulas Consejos En Rutina \u00bfC\u00f3mo hacer un buen abdominal? 0 Post Views: 656 C\u00e1psulas Consejos En Rutina Consejos para elongar las manos 0 Post Views: 700 C\u00e1psulas Consejos En Rutina \u00bfC\u00f3mo hacer una plancha de forma correcta?<\/p>\n","protected":false},"author":1,"featured_media":0,"parent":0,"menu_order":0,"comment_status":"closed","ping_status":"closed","template":"","meta":{"om_disable_all_campaigns":false,"_monsterinsights_skip_tracking":false,"_monsterinsights_sitenote_active":false,"_monsterinsights_sitenote_note":"","_monsterinsights_sitenote_category":0,"footnotes":""},"class_list":["post-3945","page","type-page","status-publish","hentry"],"aioseo_notices":[],"_links":{"self":[{"href":"https:\/\/tv.utalca.cl\/index.php?rest_route=\/wp\/v2\/pages\/3945","targetHints":{"allow":["GET"]}}],"collection":[{"href":"https:\/\/tv.utalca.cl\/index.php?rest_route=\/wp\/v2\/pages"}],"about":[{"href":"https:\/\/tv.utalca.cl\/index.php?rest_route=\/wp\/v2\/types\/page"}],"author":[{"embeddable":true,"href":"https:\/\/tv.utalca.cl\/index.php?rest_route=\/wp\/v2\/users\/1"}],"replies":[{"embeddable":true,"href":"https:\/\/tv.utalca.cl\/index.php?rest_route=%2Fwp%2Fv2%2Fcomments&post=3945"}],"version-history":[{"count":9,"href":"https:\/\/tv.utalca.cl\/index.php?rest_route=\/wp\/v2\/pages\/3945\/revisions"}],"predecessor-version":[{"id":12267,"href":"https:\/\/tv.utalca.cl\/index.php?rest_route=\/wp\/v2\/pages\/3945\/revisions\/12267"}],"wp:attachment":[{"href":"https:\/\/tv.utalca.cl\/index.php?rest_route=%2Fwp%2Fv2%2Fmedia&parent=3945"}],"curies":[{"name":"wp","href":"https:\/\/api.w.org\/{rel}","templated":true}]}}